{"id":148,"date":"2013-01-06T22:07:42","date_gmt":"2013-01-06T20:07:42","guid":{"rendered":"http:\/\/www.tuchenbacher-goetterbote.de\/wordpress\/?page_id=148"},"modified":"2013-01-06T23:14:10","modified_gmt":"2013-01-06T21:14:10","slug":"weitere-mitspieler","status":"publish","type":"page","link":"https:\/\/www.tuchenbacher-goetterbote.de\/?page_id=148","title":{"rendered":"Weitere Mitspieler"},"content":{"rendered":"<p>Im Lauf der vielen Jahre haben sich etliche &#8222;Schnupperspieler&#8220; an unseren Abenteuern beteiligt; l\u00e4ngst nicht alle sind hier aufgelistet, weil unsere Notizen nicht so l\u00fcckenlos sind, wie sie sein sollten. Und nat\u00fcrlich hat es im Lauf der letzten 30 Jahre auch f\u00fcr manche unserer &#8222;Stammspieler&#8220; gute Gr\u00fcnde gegeben, nicht mehr l\u00e4nger mitmachen zu k\u00f6nnen; der traurigste ist freilich der Tod unseres lieben Freundes Andreas Arenz im Fr\u00fchjahr 2009 gewesen.<\/p>\n\n<table id=\"tablepress-5\" class=\"tablepress tablepress-id-5\">\n<thead>\n<tr class=\"row-1 odd\">\n\t<th class=\"column-1\"><\/th><th class=\"column-2\"><\/th><th class=\"column-3\">Figuren<\/th>\n<\/tr>\n<\/thead>\n<tbody class=\"row-hover\">\n<tr class=\"row-2 even\">\n\t<td class=\"column-1\">Arenz<\/td><td class=\"column-2\">Andreas<\/td><td class=\"column-3\">Boromir (A),  Kerloas (A), Bodo Rohan (B), Murad (B), Kleptonio (C), Pippin (C), Sherlokus Holmensis (D), Mordil Hammerfaust (E)<\/td>\n<\/tr>\n<tr class=\"row-3 odd\">\n\t<td class=\"column-1\">Arenz<\/td><td class=\"column-2\">Magdalena<\/td><td class=\"column-3\">Lindorie (B)<\/td>\n<\/tr>\n<tr class=\"row-4 even\">\n\t<td class=\"column-1\">Bauer<\/td><td class=\"column-2\">Klaus<\/td><td class=\"column-3\">Zaupold (A)<\/td>\n<\/tr>\n<tr class=\"row-5 odd\">\n\t<td class=\"column-1\">Deierling<\/td><td class=\"column-2\">Armin<\/td><td class=\"column-3\">Minar (A), Krates (B)<\/td>\n<\/tr>\n<tr class=\"row-6 even\">\n\t<td class=\"column-1\">Denner<\/td><td class=\"column-2\">Inge<\/td><td class=\"column-3\">Coiree (A), Lindorie (B), Aichuk Hulagu Tengu (C)<\/td>\n<\/tr>\n<tr class=\"row-7 odd\">\n\t<td class=\"column-1\">Friedel<\/td><td class=\"column-2\">Rosi<\/td><td class=\"column-3\">Lingana (A)<\/td>\n<\/tr>\n<tr class=\"row-8 even\">\n\t<td class=\"column-1\">Hahn<\/td><td class=\"column-2\">Esther<\/td><td class=\"column-3\">Sundari (D)<\/td>\n<\/tr>\n<tr class=\"row-9 odd\">\n\t<td class=\"column-1\">Jahn<\/td><td class=\"column-2\">Karin<\/td><td class=\"column-3\">Mathorha (A)<\/td>\n<\/tr>\n<tr class=\"row-10 even\">\n\t<td class=\"column-1\">Kammerloher<\/td><td class=\"column-2\">Evi<\/td><td class=\"column-3\">Aichuk Hulagu Tengu (C)<\/td>\n<\/tr>\n<tr class=\"row-11 odd\">\n\t<td class=\"column-1\">Mei\u00dfl<\/td><td class=\"column-2\">Christian<\/td><td class=\"column-3\">Otrin (A)<\/td>\n<\/tr>\n<tr class=\"row-12 even\">\n\t<td class=\"column-1\">Pl\u00f6tz<\/td><td class=\"column-2\">Christine<\/td><td class=\"column-3\">Mogu ako Hoiu (C)<\/td>\n<\/tr>\n<tr class=\"row-13 odd\">\n\t<td class=\"column-1\">Popp<\/td><td class=\"column-2\">Felix<\/td><td class=\"column-3\">Mir (A), Hakam (B), Tryggvar (C), Rasmus Starkarm (E)<\/td>\n<\/tr>\n<tr class=\"row-14 even\">\n\t<td class=\"column-1\">Sander<\/td><td class=\"column-2\">Beke<\/td><td class=\"column-3\">Bambanella (A)<\/td>\n<\/tr>\n<tr class=\"row-15 odd\">\n\t<td class=\"column-1\">Sander<\/td><td class=\"column-2\">Manfred<\/td><td class=\"column-3\">Fulgor (A)<\/td>\n<\/tr>\n<tr class=\"row-16 even\">\n\t<td class=\"column-1\">Schott<\/td><td class=\"column-2\">Hartmut<\/td><td class=\"column-3\">Tharwing (A), Ruman (B), Hrothgar (C)<\/td>\n<\/tr>\n<tr class=\"row-17 odd\">\n\t<td class=\"column-1\">Sch\u00e4rtel<\/td><td class=\"column-2\">Norbert<\/td><td class=\"column-3\">Gottlieb Bimisch (A), Vizlipuzli (A)<\/td>\n<\/tr>\n<tr class=\"row-18 even\">\n\t<td class=\"column-1\">Voit<\/td><td class=\"column-2\">Lisa<\/td><td class=\"column-3\">Klothilde Wattenschlurpfer (A)<\/td>\n<\/tr>\n<tr class=\"row-19 odd\">\n\t<td class=\"column-1\">von Mendel<\/td><td class=\"column-2\">Dagmar<\/td><td class=\"column-3\">Mogu ako Hoiu (C)<\/td>\n<\/tr>\n<tr class=\"row-20 even\">\n\t<td class=\"column-1\">Zippelius<\/td><td class=\"column-2\">Reinhard<\/td><td class=\"column-3\">Belisar (A), Rulaman (B)<\/td>\n<\/tr>\n<tr class=\"row-21 odd\">\n\t<td class=\"column-1\"><\/td><td class=\"column-2\"><\/td><td class=\"column-3\">Asisa (A)<\/td>\n<\/tr>\n<tr class=\"row-22 even\">\n\t<td class=\"column-1\"><\/td><td class=\"column-2\"><\/td><td class=\"column-3\">Fangar (A)<\/td>\n<\/tr>\n<tr class=\"row-23 odd\">\n\t<td class=\"column-1\"><\/td><td class=\"column-2\"><\/td><td class=\"column-3\">Wasmeer (A)<\/td>\n<\/tr>\n<tr class=\"row-24 even\">\n\t<td class=\"column-1\"><\/td><td class=\"column-2\"><\/td><td class=\"column-3\">Zwirrbold (A)<\/td>\n<\/tr>\n<\/tbody>\n<\/table>\n<!-- #tablepress-5 from cache -->\n","protected":false},"excerpt":{"rendered":"<p>Im Lauf der vielen Jahre haben sich etliche &#8222;Schnupperspieler&#8220; an unseren Abenteuern beteiligt; l\u00e4ngst nicht alle sind hier aufgelistet, weil unsere Notizen nicht so l\u00fcckenlos sind, wie sie sein sollten. Und nat\u00fcrlich hat es im Lauf der letzten 30 Jahre &hellip; <a href=\"https:\/\/www.tuchenbacher-goetterbote.de\/?page_id=148\">Weiterlesen <span class=\"meta-nav\">&rarr;<\/span><\/a><\/p>\n","protected":false},"author":1,"featured_media":0,"parent":91,"menu_order":0,"comment_status":"closed","ping_status":"closed","template":"","meta":[],"_links":{"self":[{"href":"https:\/\/www.tuchenbacher-goetterbote.de\/index.php?rest_route=\/wp\/v2\/pages\/148"}],"collection":[{"href":"https:\/\/www.tuchenbacher-goetterbote.de\/index.php?rest_route=\/wp\/v2\/pages"}],"about":[{"href":"https:\/\/www.tuchenbacher-goetterbote.de\/index.php?rest_route=\/wp\/v2\/types\/page"}],"author":[{"embeddable":true,"href":"https:\/\/www.tuchenbacher-goetterbote.de\/index.php?rest_route=\/wp\/v2\/users\/1"}],"replies":[{"embeddable":true,"href":"https:\/\/www.tuchenbacher-goetterbote.de\/index.php?rest_route=%2Fwp%2Fv2%2Fcomments&post=148"}],"version-history":[{"count":5,"href":"https:\/\/www.tuchenbacher-goetterbote.de\/index.php?rest_route=\/wp\/v2\/pages\/148\/revisions"}],"predecessor-version":[{"id":152,"href":"https:\/\/www.tuchenbacher-goetterbote.de\/index.php?rest_route=\/wp\/v2\/pages\/148\/revisions\/152"}],"up":[{"embeddable":true,"href":"https:\/\/www.tuchenbacher-goetterbote.de\/index.php?rest_route=\/wp\/v2\/pages\/91"}],"wp:attachment":[{"href":"https:\/\/www.tuchenbacher-goetterbote.de\/index.php?rest_route=%2Fwp%2Fv2%2Fmedia&parent=148"}],"curies":[{"name":"wp","href":"https:\/\/api.w.org\/{rel}","templated":true}]}}