{"id":18,"date":"2013-01-04T22:56:44","date_gmt":"2013-01-04T20:56:44","guid":{"rendered":"http:\/\/www.tuchenbacher-goetterbote.de\/wordpress\/?page_id=18"},"modified":"2025-02-04T18:04:27","modified_gmt":"2025-02-04T16:04:27","slug":"uber-uns","status":"publish","type":"page","link":"https:\/\/www.tuchenbacher-goetterbote.de\/?page_id=18","title":{"rendered":"\u00dcber uns"},"content":{"rendered":"<p>Seit \u00fcber 40 Jahren spielen wir mit unseren Freunden begeistert das Fantasy-Rollenspiel MIDGARD. Dem Vorbild unseres ersten Spielleiters (hallo Roland Fenzl) folgend, haben wir von Anfang an zu fast jedem Abenteuer einen mehr oder weniger ausf\u00fchrlichen Bericht verfasst und bis 2009 meistens zum Jahresbeginn als Mini-Fanzine &#8222;Tuchenbacher G\u00f6tterbote&#8220; (mit einer Auflage von etwa 15 St\u00fcck) an unsere Spieler &#8211; und einige MIDGARD-Autoren &#8211; verteilt. Seitdem gibt es die Spielberichte ohne Verz\u00f6gerung auf dieser Webseite, &#8222;kurz nach dem Spiel&#8220;.<\/p>\n<p><img decoding=\"async\" loading=\"lazy\" style=\"border: 0px none;\" src=\"https:\/\/www.tuchenbacher-goetterbote.de\/wp-content\/uploads\/2013\/01\/chronik.png\" alt=\"Chronologie des Tuchenbacher G\u00f6tterboten\" width=\"580\" height=\"600\" border=\"0\" \/><\/p>\n<p>Vielleicht interessiert ja den ein oder anderen Spieler oder Spielleiter, wie ein Abenteuer bei uns &#8222;gelaufen&#8220; ist? Wir w\u00fcnschen jedenfalls allen Lesern viel Spa\u00df mit den Berichten, bedanken uns beim Verlag f\u00fcr F&amp;SF-Spiele f\u00fcr die freundliche Genehmigung, Originalzitate aus den Abenteuern verwenden zu d\u00fcrfen, und w\u00fcnschen allen Spielern Nice Dice!<\/p>\n<p>Isolde und Harald Popp<\/p>\n","protected":false},"excerpt":{"rendered":"<p>Seit \u00fcber 40 Jahren spielen wir mit unseren Freunden begeistert das Fantasy-Rollenspiel MIDGARD. Dem Vorbild unseres ersten Spielleiters (hallo Roland Fenzl) folgend, haben wir von Anfang an zu fast jedem Abenteuer einen mehr oder weniger ausf\u00fchrlichen Bericht verfasst und bis &hellip; <a href=\"https:\/\/www.tuchenbacher-goetterbote.de\/?page_id=18\">Weiterlesen <span class=\"meta-nav\">&rarr;<\/span><\/a><\/p>\n","protected":false},"author":1,"featured_media":0,"parent":0,"menu_order":2,"comment_status":"closed","ping_status":"closed","template":"","meta":[],"_links":{"self":[{"href":"https:\/\/www.tuchenbacher-goetterbote.de\/index.php?rest_route=\/wp\/v2\/pages\/18"}],"collection":[{"href":"https:\/\/www.tuchenbacher-goetterbote.de\/index.php?rest_route=\/wp\/v2\/pages"}],"about":[{"href":"https:\/\/www.tuchenbacher-goetterbote.de\/index.php?rest_route=\/wp\/v2\/types\/page"}],"author":[{"embeddable":true,"href":"https:\/\/www.tuchenbacher-goetterbote.de\/index.php?rest_route=\/wp\/v2\/users\/1"}],"replies":[{"embeddable":true,"href":"https:\/\/www.tuchenbacher-goetterbote.de\/index.php?rest_route=%2Fwp%2Fv2%2Fcomments&post=18"}],"version-history":[{"count":14,"href":"https:\/\/www.tuchenbacher-goetterbote.de\/index.php?rest_route=\/wp\/v2\/pages\/18\/revisions"}],"predecessor-version":[{"id":1778,"href":"https:\/\/www.tuchenbacher-goetterbote.de\/index.php?rest_route=\/wp\/v2\/pages\/18\/revisions\/1778"}],"wp:attachment":[{"href":"https:\/\/www.tuchenbacher-goetterbote.de\/index.php?rest_route=%2Fwp%2Fv2%2Fmedia&parent=18"}],"curies":[{"name":"wp","href":"https:\/\/api.w.org\/{rel}","templated":true}]}}